{"id":6223,"date":"2021-05-17T12:48:44","date_gmt":"2021-05-17T10:48:44","guid":{"rendered":"https:\/\/fravi-hotel.cf\/?page_id=6223"},"modified":"2021-05-17T13:49:14","modified_gmt":"2021-05-17T11:49:14","slug":"iscrizioni","status":"publish","type":"page","link":"https:\/\/fravi-hotel.ch\/it\/iscrizioni\/","title":{"rendered":"Iscrizioni"},"content":{"rendered":"\n<p><\/p>\n\n\n\n<div class=\"alignwide wp-block-ugb-feature ugb-feature ugb-2aadf2e ugb-feature--v2 ugb-feature--design-basic ugb-feature--invert ugb-main-block\"><style>.ugb-2aadf2e .ugb-feature__item{border-radius:0px !important}.ugb-2aadf2e .ugb-feature__title{font-weight:500 !important;color:var(--stk-global-color-88711,#313131)}.ugb-2aadf2e .ugb-feature__description{color:var(--stk-global-color-88711,#313131);margin-bottom:55px !important}@media screen and (min-width:768px){.ugb-2aadf2e .ugb-img{width:1024px;height:auto !important}}<\/style><div class=\"ugb-inner-block\"><div class=\"ugb-block-content\"><div class=\"ugb-feature__item ugb--shadow-5\"><div class=\"ugb-feature__content\"><h3 class=\"ugb-feature__title\">Hotel 3 stelle superiore<\/h3><p class=\"ugb-feature__description\">Questo ci colloca nel primo 10% degli hotel della categoria 3 stelle (e ci d\u00e0 anche il punteggio di una qualifica a 4 stelle).<br><br>Inoltre, siamo qualificati come <strong>hotel per escursionisti<\/strong>.<\/p><\/div><div class=\"ugb-feature__image-side\"><img decoding=\"async\" class=\"ugb-feature__image ugb-img wp-image-7369 ugb-image--shape-stretch\" src=\"https:\/\/fravi-hotel.ch\/wp-content\/uploads\/2021\/03\/Hotelleriesuisse_Logo-1024x309.png\" alt=\"\" height=\"309\" srcset=\"https:\/\/fravi-hotel.ch\/wp-content\/uploads\/2021\/03\/Hotelleriesuisse_Logo-1024x309.png 1024w, https:\/\/fravi-hotel.ch\/wp-content\/uploads\/2021\/03\/Hotelleriesuisse_Logo-400x121.png 400w, https:\/\/fravi-hotel.ch\/wp-content\/uploads\/2021\/03\/Hotelleriesuisse_Logo-768x232.png 768w, https:\/\/fravi-hotel.ch\/wp-content\/uploads\/2021\/03\/Hotelleriesuisse_Logo-1536x464.png 1536w, https:\/\/fravi-hotel.ch\/wp-content\/uploads\/2021\/03\/Hotelleriesuisse_Logo-2048x618.png 2048w\" sizes=\"(max-width: 1024px) 100vw, 1024px\" \/><\/div><\/div><\/div><\/div><\/div>\n\n\n\n<div class=\"alignwide wp-block-ugb-feature ugb-feature ugb-1ccfc36 ugb-feature--v2 ugb-feature--design-basic ugb-feature--invert ugb-main-block\"><style>.ugb-1ccfc36 .ugb-feature__item{border-radius:0px !important}.ugb-1ccfc36 .ugb-feature__title{font-weight:500 !important;color:var(--stk-global-color-88711,#313131)}.ugb-1ccfc36 .ugb-feature__description{color:var(--stk-global-color-88711,#313131);margin-bottom:55px !important}@media screen and (min-width:768px){.ugb-1ccfc36 .ugb-img{width:1024px;height:auto !important}}<\/style><div class=\"ugb-inner-block\"><div class=\"ugb-block-content\"><div class=\"ugb-feature__item ugb--shadow-5\"><div class=\"ugb-feature__content\"><h3 class=\"ugb-feature__title\">Associazione grigionese<\/h3><p class=\"ugb-feature__description\">Naturalmente siamo stati affiliati a questa associazione per molti anni.<\/p><\/div><div class=\"ugb-feature__image-side\"><img decoding=\"async\" class=\"ugb-feature__image ugb-img wp-image-7371 ugb-image--shape-stretch\" src=\"https:\/\/fravi-hotel.ch\/wp-content\/uploads\/2021\/03\/logo-1024x165.jpg\" alt=\"\" height=\"165\" srcset=\"https:\/\/fravi-hotel.ch\/wp-content\/uploads\/2021\/03\/logo-1024x165.jpg 1024w, https:\/\/fravi-hotel.ch\/wp-content\/uploads\/2021\/03\/logo-400x65.jpg 400w, https:\/\/fravi-hotel.ch\/wp-content\/uploads\/2021\/03\/logo-768x124.jpg 768w, https:\/\/fravi-hotel.ch\/wp-content\/uploads\/2021\/03\/logo-1536x248.jpg 1536w, https:\/\/fravi-hotel.ch\/wp-content\/uploads\/2021\/03\/logo.jpg 1550w\" sizes=\"(max-width: 1024px) 100vw, 1024px\" \/><\/div><\/div><\/div><\/div><\/div>\n\n\n\n<div class=\"alignwide wp-block-ugb-feature ugb-feature ugb-972c7ff ugb-feature--v2 ugb-feature--design-basic ugb-feature--invert ugb-main-block\"><style>.ugb-972c7ff .ugb-feature__item{border-radius:0px !important}.ugb-972c7ff .ugb-feature__title{font-weight:500 !important;color:var(--stk-global-color-88711,#313131)}.ugb-972c7ff .ugb-feature__description{color:var(--stk-global-color-88711,#313131);margin-bottom:55px !important}@media screen and (min-width:768px){.ugb-972c7ff .ugb-img{width:1024px;height:auto !important}}<\/style><div class=\"ugb-inner-block\"><div class=\"ugb-block-content\"><div class=\"ugb-feature__item ugb--shadow-5\"><div class=\"ugb-feature__content\"><h3 class=\"ugb-feature__title\">Terme<\/h3><p class=\"ugb-feature__description\">Chiedete alla vostra compagnia di assicurazione sanitaria un&#8217;approvazione dei costi per un soggiorno in un centro benessere.<\/p><\/div><div class=\"ugb-feature__image-side\"><img decoding=\"async\" class=\"ugb-feature__image ugb-img wp-image-8440 ugb-image--shape-stretch\" src=\"https:\/\/fravi-hotel.ch\/wp-content\/uploads\/2021\/05\/HKS-Logo-quer-D-1024x410.jpg\" alt=\"\" height=\"410\" srcset=\"https:\/\/fravi-hotel.ch\/wp-content\/uploads\/2021\/05\/HKS-Logo-quer-D-1024x410.jpg 1024w, https:\/\/fravi-hotel.ch\/wp-content\/uploads\/2021\/05\/HKS-Logo-quer-D-400x160.jpg 400w, https:\/\/fravi-hotel.ch\/wp-content\/uploads\/2021\/05\/HKS-Logo-quer-D-768x307.jpg 768w, https:\/\/fravi-hotel.ch\/wp-content\/uploads\/2021\/05\/HKS-Logo-quer-D-1536x614.jpg 1536w, https:\/\/fravi-hotel.ch\/wp-content\/uploads\/2021\/05\/HKS-Logo-quer-D-2048x819.jpg 2048w\" sizes=\"(max-width: 1024px) 100vw, 1024px\" \/><\/div><\/div><\/div><\/div><\/div>\n\n\n\n<div class=\"alignwide wp-block-ugb-feature ugb-feature ugb-10d4962 ugb-feature--v2 ugb-feature--design-basic ugb-feature--invert ugb-main-block\"><style>.ugb-10d4962 .ugb-feature__item{border-radius:0px !important}.ugb-10d4962 .ugb-feature__title{font-weight:500 !important;color:var(--stk-global-color-88711,#313131)}.ugb-10d4962 .ugb-feature__description{color:var(--stk-global-color-88711,#313131);margin-bottom:55px !important}@media screen and (min-width:768px){.ugb-10d4962 .ugb-img{width:180px;height:auto !important}}<\/style><div class=\"ugb-inner-block\"><div class=\"ugb-block-content\"><div class=\"ugb-feature__item ugb--shadow-5\"><div class=\"ugb-feature__content\"><h3 class=\"ugb-feature__title\">Qualit\u00e0<\/h3><p class=\"ugb-feature__description\">Anche da questo punto di vista, siamo adeguatamente qualificati e soddisfiamo gli standard di Svizzera Turismo.<\/p><\/div><div class=\"ugb-feature__image-side\"><img decoding=\"async\" class=\"ugb-feature__image ugb-img wp-image-8479 ugb-image--shape-stretch\" src=\"https:\/\/fravi-hotel.ch\/wp-content\/uploads\/2021\/05\/QQ_cmyk-klein.jpg\" alt=\"\" height=\"206\"\/><\/div><\/div><\/div><\/div><\/div>\n\n\n\n<div class=\"alignwide wp-block-ugb-feature ugb-feature ugb-12359ac ugb-feature--v2 ugb-feature--design-basic ugb-feature--invert ugb-main-block\"><style>.ugb-12359ac .ugb-feature__item{border-radius:0px !important}.ugb-12359ac .ugb-feature__title{font-weight:500 !important;color:var(--stk-global-color-88711,#313131)}.ugb-12359ac .ugb-feature__description{color:var(--stk-global-color-88711,#313131);margin-bottom:55px !important}@media screen and (min-width:768px){.ugb-12359ac .ugb-img{width:196px;height:auto !important}}<\/style><div class=\"ugb-inner-block\"><div class=\"ugb-block-content\"><div class=\"ugb-feature__item ugb--shadow-5\"><div class=\"ugb-feature__content\"><h3 class=\"ugb-feature__title\">Pulito e sicuro<\/h3><p class=\"ugb-feature__description\">Gli standard impeccabili sono particolarmente importanti nei tempi di Corona.<\/p><\/div><div class=\"ugb-feature__image-side\"><img decoding=\"async\" class=\"ugb-feature__image ugb-img wp-image-8426 ugb-image--shape-stretch\" src=\"https:\/\/fravi-hotel.ch\/wp-content\/uploads\/2021\/05\/clean-and-safe-accomodation.jpg\" alt=\"\" height=\"196\"\/><\/div><\/div><\/div><\/div><\/div>\n\n\n\n<div class=\"alignwide wp-block-ugb-feature ugb-feature ugb-2e42b4d ugb-feature--v2 ugb-feature--design-basic ugb-feature--invert ugb-main-block\"><style>.ugb-2e42b4d .ugb-feature__item{border-radius:0px !important}.ugb-2e42b4d .ugb-feature__title{font-weight:500 !important;color:var(--stk-global-color-88711,#313131)}.ugb-2e42b4d .ugb-feature__description{color:var(--stk-global-color-88711,#313131);margin-bottom:55px !important}@media screen and (min-width:768px){.ugb-2e42b4d .ugb-img{width:1024px;height:auto !important}}<\/style><div class=\"ugb-inner-block\"><div class=\"ugb-block-content\"><div class=\"ugb-feature__item ugb--shadow-5\"><div class=\"ugb-feature__content\"><h3 class=\"ugb-feature__title\">I nostri apprendisti vanno avanti<\/h3><p class=\"ugb-feature__description\">Siamo orgogliosi di ci\u00f2 che alcuni dei nostri ex apprendisti &#8211; come il top chef ed Executive Chef Stefan Trepp &#8211; hanno raggiunto nella loro vita professionale.<\/p><\/div><div class=\"ugb-feature__image-side\"><img decoding=\"async\" class=\"ugb-feature__image ugb-img wp-image-8433 ugb-image--shape-stretch\" src=\"https:\/\/fravi-hotel.ch\/wp-content\/uploads\/2021\/05\/Logo_TOP-Ausbildungsbetrieb-1024x598.png\" alt=\"\" height=\"598\" srcset=\"https:\/\/fravi-hotel.ch\/wp-content\/uploads\/2021\/05\/Logo_TOP-Ausbildungsbetrieb-1024x598.png 1024w, https:\/\/fravi-hotel.ch\/wp-content\/uploads\/2021\/05\/Logo_TOP-Ausbildungsbetrieb-400x234.png 400w, https:\/\/fravi-hotel.ch\/wp-content\/uploads\/2021\/05\/Logo_TOP-Ausbildungsbetrieb-768x449.png 768w, https:\/\/fravi-hotel.ch\/wp-content\/uploads\/2021\/05\/Logo_TOP-Ausbildungsbetrieb.png 1280w\" sizes=\"(max-width: 1024px) 100vw, 1024px\" \/><\/div><\/div><\/div><\/div><\/div>\n\n\n\n<div class=\"alignwide wp-block-ugb-feature ugb-feature ugb-ddf8472 ugb-feature--v2 ugb-feature--design-basic ugb-feature--invert ugb-main-block\"><style>.ugb-ddf8472 .ugb-feature__item{border-radius:0px !important}.ugb-ddf8472 .ugb-feature__title{font-weight:500 !important;color:var(--stk-global-color-88711,#313131)}.ugb-ddf8472 .ugb-feature__description{color:var(--stk-global-color-88711,#313131);margin-bottom:55px !important}@media screen and (min-width:768px){.ugb-ddf8472 .ugb-img{width:190px;height:auto !important}}<\/style><div class=\"ugb-inner-block\"><div class=\"ugb-block-content\"><div class=\"ugb-feature__item ugb--shadow-5\"><div class=\"ugb-feature__content\"><h3 class=\"ugb-feature__title\">Top 100<\/h3><p class=\"ugb-feature__description\">Siamo gi\u00e0 stati premiati come uno degli hotel pi\u00f9 amichevoli della Svizzera nel 2015.<br>Questo non \u00e8 cambiato fino ad oggi.<\/p><\/div><div class=\"ugb-feature__image-side\"><img decoding=\"async\" class=\"ugb-feature__image ugb-img wp-image-8481 ugb-image--shape-stretch\" src=\"https:\/\/fravi-hotel.ch\/wp-content\/uploads\/2021\/05\/Top-100-klein.jpg\" alt=\"\" height=\"190\"\/><\/div><\/div><\/div><\/div><\/div>\n\n\n\n<div class=\"alignwide wp-block-ugb-feature ugb-feature ugb-b51e0b4 ugb-feature--v2 ugb-feature--design-basic ugb-feature--invert ugb-main-block\"><style>.ugb-b51e0b4 .ugb-feature__item{border-radius:0px !important}.ugb-b51e0b4 .ugb-feature__title{font-weight:500 !important;color:var(--stk-global-color-88711,#313131)}.ugb-b51e0b4 .ugb-feature__description{color:var(--stk-global-color-88711,#313131);margin-bottom:55px !important}@media screen and (min-width:768px){.ugb-b51e0b4 .ugb-img{width:120px;height:auto !important}}<\/style><div class=\"ugb-inner-block\"><div class=\"ugb-block-content\"><div class=\"ugb-feature__item ugb--shadow-5\"><div class=\"ugb-feature__content\"><h3 class=\"ugb-feature__title\">Nel parco naturale<\/h3><p class=\"ugb-feature__description\">Andeer si trova nel mezzo del parco naturale di Beverin, dove non solo si possono osservare gli stambecchi.<\/p><\/div><div class=\"ugb-feature__image-side\"><img decoding=\"async\" class=\"ugb-feature__image ugb-img wp-image-8519 ugb-image--shape-stretch\" src=\"https:\/\/fravi-hotel.ch\/wp-content\/uploads\/2021\/05\/LOGO-Beverin-klein-1.jpg\" alt=\"\" height=\"200\"\/><\/div><\/div><\/div><\/div><\/div>\n\n\n\n<div class=\"alignwide wp-block-ugb-feature ugb-feature ugb-891c5ac ugb-feature--v2 ugb-feature--design-basic ugb-feature--invert ugb-main-block\"><style>.ugb-891c5ac .ugb-feature__item{border-radius:0px !important}.ugb-891c5ac .ugb-feature__title{font-weight:500 !important;color:var(--stk-global-color-88711,#313131)}.ugb-891c5ac .ugb-feature__description{color:var(--stk-global-color-88711,#313131);margin-bottom:55px !important}@media screen and (min-width:768px){.ugb-891c5ac .ugb-img{width:180px;height:auto !important}}<\/style><div class=\"ugb-inner-block\"><div class=\"ugb-block-content\"><div class=\"ugb-feature__item ugb--shadow-5\"><div class=\"ugb-feature__content\"><h3 class=\"ugb-feature__title\">Siamo sul percorso<\/h3><p class=\"ugb-feature__description\">Da St. Moritz a Lugano, con uno scalo ad Andeer.<\/p><\/div><div class=\"ugb-feature__image-side\"><img decoding=\"async\" class=\"ugb-feature__image ugb-img wp-image-8477 ugb-image--shape-stretch\" src=\"https:\/\/fravi-hotel.ch\/wp-content\/uploads\/2021\/05\/Grand_Tour_of_Switzerland-klein.jpg\" alt=\"\" height=\"190\"\/><\/div><\/div><\/div><\/div><\/div>\n\n\n\n<p><\/p>\n\n\n\n<p>Apparteniamo anche all&#8217;associazione <strong>Sentieri escursionistici grigionesi.<\/strong><\/p>\n","protected":false},"excerpt":{"rendered":"<p>Hotel 3 stelle superiore Questo ci colloca nel primo 10% degli hotel della categoria 3 stelle (e ci d\u00e0 anche il punteggio &#8230; <\/p>\n<p class=\"read-more-container\"><a title=\"Iscrizioni\" class=\"read-more button\" href=\"https:\/\/fravi-hotel.ch\/it\/iscrizioni\/#more-6223\" aria-label=\"Per saperne di pi\u00f9 su Iscrizioni\">weiterlesen<\/a><\/p>\n","protected":false},"author":2,"featured_media":0,"parent":0,"menu_order":29,"comment_status":"closed","ping_status":"closed","template":"","meta":{"inline_featured_image":false,"_uag_custom_page_level_css":"","footnotes":""},"class_list":["post-6223","page","type-page","status-publish"],"featured_image_urls_v2":{"full":"","thumbnail":"","medium":"","medium_large":"","large":"","1536x1536":"","2048x2048":""},"post_excerpt_stackable_v2":"<p>Hotel 3 stelle superioreQuesto ci colloca nel primo 10% degli hotel della categoria 3 stelle (e ci d\u00e0 anche il punteggio di una qualifica a 4 stelle).Inoltre, siamo qualificati come hotel per escursionisti. Associazione grigioneseNaturalmente siamo stati affiliati a questa associazione per molti anni. TermeChiedete alla vostra compagnia di assicurazione sanitaria un&#8217;approvazione dei costi per un soggiorno in un centro benessere. Qualit\u00e0Anche da questo punto di vista, siamo adeguatamente qualificati e soddisfiamo gli standard di Svizzera Turismo. Pulito e sicuroGli standard impeccabili sono particolarmente importanti nei tempi di Corona. I nostri apprendisti vanno avantiSiamo orgogliosi di ci\u00f2 che alcuni dei&hellip;<\/p>\n","category_list_v2":"","author_info_v2":{"name":"Gondini A. Fravi","url":"https:\/\/fravi-hotel.ch\/it\/author\/g-fravi\/"},"comments_num_v2":"0 commenti","yoast_head":"<!-- This site is optimized with the Yoast SEO Premium plugin v27.2 (Yoast SEO v27.2) - https:\/\/yoast.com\/product\/yoast-seo-premium-wordpress\/ -->\n<title>Iscrizioni | Hotel Fravi Andeer GR<\/title>\n<meta name=\"robots\" content=\"index, follow, max-snippet:-1, max-image-preview:large, max-video-preview:-1\" \/>\n<link rel=\"canonical\" href=\"https:\/\/fravi-hotel.ch\/it\/iscrizioni\/\" \/>\n<meta property=\"og:locale\" content=\"it_IT\" \/>\n<meta property=\"og:type\" content=\"article\" \/>\n<meta property=\"og:title\" content=\"Iscrizioni\" \/>\n<meta property=\"og:description\" content=\"Hotel 3 stelle superiore Questo ci colloca nel primo 10% degli hotel della categoria 3 stelle (e ci d\u00e0 anche il punteggio ... weiterlesen\" \/>\n<meta property=\"og:url\" content=\"https:\/\/fravi-hotel.ch\/it\/iscrizioni\/\" \/>\n<meta property=\"og:site_name\" content=\"Hotel Fravi Andeer GR\" \/>\n<meta property=\"article:publisher\" content=\"https:\/\/www.facebook.com\/hotelfravi\" \/>\n<meta property=\"article:modified_time\" content=\"2021-05-17T11:49:14+00:00\" \/>\n<meta property=\"og:image\" content=\"https:\/\/fravi-hotel.ch\/wp-content\/uploads\/2021\/03\/Hotelleriesuisse_Logo-1024x309.png\" \/>\n<meta name=\"twitter:card\" content=\"summary_large_image\" \/>\n<meta name=\"twitter:label1\" content=\"Tempo di lettura stimato\" \/>\n\t<meta name=\"twitter:data1\" content=\"1 minuto\" \/>\n<script type=\"application\/ld+json\" class=\"yoast-schema-graph\">{\"@context\":\"https:\/\/schema.org\",\"@graph\":[{\"@type\":\"WebPage\",\"@id\":\"https:\/\/fravi-hotel.ch\/it\/iscrizioni\/\",\"url\":\"https:\/\/fravi-hotel.ch\/it\/iscrizioni\/\",\"name\":\"Iscrizioni | Hotel Fravi Andeer GR\",\"isPartOf\":{\"@id\":\"https:\/\/fravi-hotel.ch\/it\/#website\"},\"primaryImageOfPage\":{\"@id\":\"https:\/\/fravi-hotel.ch\/it\/iscrizioni\/#primaryimage\"},\"image\":{\"@id\":\"https:\/\/fravi-hotel.ch\/it\/iscrizioni\/#primaryimage\"},\"thumbnailUrl\":\"https:\/\/fravi-hotel.ch\/wp-content\/uploads\/2021\/03\/Hotelleriesuisse_Logo-1024x309.png\",\"datePublished\":\"2021-05-17T10:48:44+00:00\",\"dateModified\":\"2021-05-17T11:49:14+00:00\",\"breadcrumb\":{\"@id\":\"https:\/\/fravi-hotel.ch\/it\/iscrizioni\/#breadcrumb\"},\"inLanguage\":\"it-IT\",\"potentialAction\":[{\"@type\":\"ReadAction\",\"target\":[\"https:\/\/fravi-hotel.ch\/it\/iscrizioni\/\"]}]},{\"@type\":\"ImageObject\",\"inLanguage\":\"it-IT\",\"@id\":\"https:\/\/fravi-hotel.ch\/it\/iscrizioni\/#primaryimage\",\"url\":\"https:\/\/fravi-hotel.ch\/wp-content\/uploads\/2021\/03\/Hotelleriesuisse_Logo-1024x309.png\",\"contentUrl\":\"https:\/\/fravi-hotel.ch\/wp-content\/uploads\/2021\/03\/Hotelleriesuisse_Logo-1024x309.png\"},{\"@type\":\"BreadcrumbList\",\"@id\":\"https:\/\/fravi-hotel.ch\/it\/iscrizioni\/#breadcrumb\",\"itemListElement\":[{\"@type\":\"ListItem\",\"position\":1,\"name\":\"Start\",\"item\":\"https:\/\/fravi-hotel.ch\/it\/hotel-fravi\/\"},{\"@type\":\"ListItem\",\"position\":2,\"name\":\"Iscrizioni\"}]},{\"@type\":\"WebSite\",\"@id\":\"https:\/\/fravi-hotel.ch\/it\/#website\",\"url\":\"https:\/\/fravi-hotel.ch\/it\/\",\"name\":\"Hotel Fravi, Andeer\",\"description\":\"Bade-, Kur- &amp; Ferienhotel Andeer\",\"publisher\":{\"@id\":\"https:\/\/fravi-hotel.ch\/it\/#organization\"},\"alternateName\":\"Hotel Fravi\",\"potentialAction\":[{\"@type\":\"SearchAction\",\"target\":{\"@type\":\"EntryPoint\",\"urlTemplate\":\"https:\/\/fravi-hotel.ch\/it\/?s={search_term_string}\"},\"query-input\":{\"@type\":\"PropertyValueSpecification\",\"valueRequired\":true,\"valueName\":\"search_term_string\"}}],\"inLanguage\":\"it-IT\"},{\"@type\":[\"Organization\",\"Place\"],\"@id\":\"https:\/\/fravi-hotel.ch\/it\/#organization\",\"name\":\"Hotel Fravi, Andeer\",\"alternateName\":\"Hotel Fravi\",\"url\":\"https:\/\/fravi-hotel.ch\/it\/\",\"logo\":{\"@id\":\"https:\/\/fravi-hotel.ch\/it\/iscrizioni\/#local-main-organization-logo\"},\"image\":{\"@id\":\"https:\/\/fravi-hotel.ch\/it\/iscrizioni\/#local-main-organization-logo\"},\"sameAs\":[\"https:\/\/www.facebook.com\/hotelfravi\",\"https:\/\/www.instagram.com\/hotel_fravi\/#\"],\"telephone\":[],\"openingHoursSpecification\":[{\"@type\":\"OpeningHoursSpecification\",\"dayOfWeek\":[\"Monday\",\"Tuesday\",\"Wednesday\",\"Thursday\",\"Friday\",\"Saturday\",\"Sunday\"],\"opens\":\"09:00\",\"closes\":\"17:00\"}]},{\"@type\":\"ImageObject\",\"inLanguage\":\"it-IT\",\"@id\":\"https:\/\/fravi-hotel.ch\/it\/iscrizioni\/#local-main-organization-logo\",\"url\":\"https:\/\/fravi-hotel.ch\/wp-content\/uploads\/2020\/05\/logo_hotel-fravi.png\",\"contentUrl\":\"https:\/\/fravi-hotel.ch\/wp-content\/uploads\/2020\/05\/logo_hotel-fravi.png\",\"width\":542,\"height\":360,\"caption\":\"Hotel Fravi, Andeer\"}]}<\/script>\n<!-- \/ Yoast SEO Premium plugin. -->","yoast_head_json":{"title":"Iscrizioni | Hotel Fravi Andeer GR","robots":{"index":"index","follow":"follow","max-snippet":"max-snippet:-1","max-image-preview":"max-image-preview:large","max-video-preview":"max-video-preview:-1"},"canonical":"https:\/\/fravi-hotel.ch\/it\/iscrizioni\/","og_locale":"it_IT","og_type":"article","og_title":"Iscrizioni","og_description":"Hotel 3 stelle superiore Questo ci colloca nel primo 10% degli hotel della categoria 3 stelle (e ci d\u00e0 anche il punteggio ... weiterlesen","og_url":"https:\/\/fravi-hotel.ch\/it\/iscrizioni\/","og_site_name":"Hotel Fravi Andeer GR","article_publisher":"https:\/\/www.facebook.com\/hotelfravi","article_modified_time":"2021-05-17T11:49:14+00:00","og_image":[{"url":"https:\/\/fravi-hotel.ch\/wp-content\/uploads\/2021\/03\/Hotelleriesuisse_Logo-1024x309.png","type":"","width":"","height":""}],"twitter_card":"summary_large_image","twitter_misc":{"Tempo di lettura stimato":"1 minuto"},"schema":{"@context":"https:\/\/schema.org","@graph":[{"@type":"WebPage","@id":"https:\/\/fravi-hotel.ch\/it\/iscrizioni\/","url":"https:\/\/fravi-hotel.ch\/it\/iscrizioni\/","name":"Iscrizioni | Hotel Fravi Andeer GR","isPartOf":{"@id":"https:\/\/fravi-hotel.ch\/it\/#website"},"primaryImageOfPage":{"@id":"https:\/\/fravi-hotel.ch\/it\/iscrizioni\/#primaryimage"},"image":{"@id":"https:\/\/fravi-hotel.ch\/it\/iscrizioni\/#primaryimage"},"thumbnailUrl":"https:\/\/fravi-hotel.ch\/wp-content\/uploads\/2021\/03\/Hotelleriesuisse_Logo-1024x309.png","datePublished":"2021-05-17T10:48:44+00:00","dateModified":"2021-05-17T11:49:14+00:00","breadcrumb":{"@id":"https:\/\/fravi-hotel.ch\/it\/iscrizioni\/#breadcrumb"},"inLanguage":"it-IT","potentialAction":[{"@type":"ReadAction","target":["https:\/\/fravi-hotel.ch\/it\/iscrizioni\/"]}]},{"@type":"ImageObject","inLanguage":"it-IT","@id":"https:\/\/fravi-hotel.ch\/it\/iscrizioni\/#primaryimage","url":"https:\/\/fravi-hotel.ch\/wp-content\/uploads\/2021\/03\/Hotelleriesuisse_Logo-1024x309.png","contentUrl":"https:\/\/fravi-hotel.ch\/wp-content\/uploads\/2021\/03\/Hotelleriesuisse_Logo-1024x309.png"},{"@type":"BreadcrumbList","@id":"https:\/\/fravi-hotel.ch\/it\/iscrizioni\/#breadcrumb","itemListElement":[{"@type":"ListItem","position":1,"name":"Start","item":"https:\/\/fravi-hotel.ch\/it\/hotel-fravi\/"},{"@type":"ListItem","position":2,"name":"Iscrizioni"}]},{"@type":"WebSite","@id":"https:\/\/fravi-hotel.ch\/it\/#website","url":"https:\/\/fravi-hotel.ch\/it\/","name":"Hotel Fravi, Andeer","description":"Bade-, Kur- &amp; Ferienhotel Andeer","publisher":{"@id":"https:\/\/fravi-hotel.ch\/it\/#organization"},"alternateName":"Hotel Fravi","potentialAction":[{"@type":"SearchAction","target":{"@type":"EntryPoint","urlTemplate":"https:\/\/fravi-hotel.ch\/it\/?s={search_term_string}"},"query-input":{"@type":"PropertyValueSpecification","valueRequired":true,"valueName":"search_term_string"}}],"inLanguage":"it-IT"},{"@type":["Organization","Place"],"@id":"https:\/\/fravi-hotel.ch\/it\/#organization","name":"Hotel Fravi, Andeer","alternateName":"Hotel Fravi","url":"https:\/\/fravi-hotel.ch\/it\/","logo":{"@id":"https:\/\/fravi-hotel.ch\/it\/iscrizioni\/#local-main-organization-logo"},"image":{"@id":"https:\/\/fravi-hotel.ch\/it\/iscrizioni\/#local-main-organization-logo"},"sameAs":["https:\/\/www.facebook.com\/hotelfravi","https:\/\/www.instagram.com\/hotel_fravi\/#"],"telephone":[],"openingHoursSpecification":[{"@type":"OpeningHoursSpecification","dayOfWeek":["Monday","Tuesday","Wednesday","Thursday","Friday","Saturday","Sunday"],"opens":"09:00","closes":"17:00"}]},{"@type":"ImageObject","inLanguage":"it-IT","@id":"https:\/\/fravi-hotel.ch\/it\/iscrizioni\/#local-main-organization-logo","url":"https:\/\/fravi-hotel.ch\/wp-content\/uploads\/2020\/05\/logo_hotel-fravi.png","contentUrl":"https:\/\/fravi-hotel.ch\/wp-content\/uploads\/2020\/05\/logo_hotel-fravi.png","width":542,"height":360,"caption":"Hotel Fravi, Andeer"}]}},"uagb_featured_image_src":{"full":false,"thumbnail":false,"medium":false,"medium_large":false,"large":false,"1536x1536":false,"2048x2048":false},"uagb_author_info":{"display_name":"Gondini A. Fravi","author_link":"https:\/\/fravi-hotel.ch\/it\/author\/g-fravi\/"},"uagb_comment_info":0,"uagb_excerpt":"Hotel 3 stelle superiore Questo ci colloca nel primo 10% degli hotel della categoria 3 stelle (e ci d\u00e0 anche il punteggio ... weiterlesen","_links":{"self":[{"href":"https:\/\/fravi-hotel.ch\/it\/wp-json\/wp\/v2\/pages\/6223","targetHints":{"allow":["GET"]}}],"collection":[{"href":"https:\/\/fravi-hotel.ch\/it\/wp-json\/wp\/v2\/pages"}],"about":[{"href":"https:\/\/fravi-hotel.ch\/it\/wp-json\/wp\/v2\/types\/page"}],"author":[{"embeddable":true,"href":"https:\/\/fravi-hotel.ch\/it\/wp-json\/wp\/v2\/users\/2"}],"replies":[{"embeddable":true,"href":"https:\/\/fravi-hotel.ch\/it\/wp-json\/wp\/v2\/comments?post=6223"}],"version-history":[{"count":3,"href":"https:\/\/fravi-hotel.ch\/it\/wp-json\/wp\/v2\/pages\/6223\/revisions"}],"predecessor-version":[{"id":8753,"href":"https:\/\/fravi-hotel.ch\/it\/wp-json\/wp\/v2\/pages\/6223\/revisions\/8753"}],"wp:attachment":[{"href":"https:\/\/fravi-hotel.ch\/it\/wp-json\/wp\/v2\/media?parent=6223"}],"curies":[{"name":"wp","href":"https:\/\/api.w.org\/{rel}","templated":true}]}}