{"id":5423,"date":"2020-11-11T10:55:11","date_gmt":"2020-11-11T09:55:11","guid":{"rendered":"https:\/\/fravi-hotel.cf\/?page_id=5423"},"modified":"2023-02-03T12:33:05","modified_gmt":"2023-02-03T11:33:05","slug":"suite-in-legno-di-pino-e-suite-nella-torre","status":"publish","type":"page","link":"https:\/\/fravi-hotel.ch\/it\/camere-suite\/suite-in-legno-di-pino-e-suite-nella-torre\/","title":{"rendered":"Suite in legno di pino e suite nella torre"},"content":{"rendered":"\n<div class=\"wp-block-columns is-layout-flex wp-container-core-columns-is-layout-9d6595d7 wp-block-columns-is-layout-flex\">\n<div class=\"wp-block-column is-vertically-aligned-top is-layout-flow wp-block-column-is-layout-flow\" style=\"flex-basis:33.33%\">\n<h1 class=\"gb-headline gb-headline-eabc3d4a gb-headline-text\">Suite in legno di pino e suite nella torre<\/h1>\n<\/div>\n\n\n\n<div class=\"wp-block-column is-vertically-aligned-bottom is-layout-flow wp-block-column-is-layout-flow\" style=\"flex-basis:66.66%\">\n<p>Abbiamo solo due suite in legno di pino. Sono molto comode e grandi (ca. 35-37m&#8221;). Il legno di pino cembro sulle pareti risale alle origini dell&#8217;hotel. I pavimenti in legno (di abete rosso) sono stati aggiunti di recente.<\/p>\n\n\n\n<p>La suite nella torre \u00e8 unica (ca. 38m2). Adatto ai signori del castello e anche a chi vuole sentirsi cos\u00ec.<\/p>\n\n\n\n<p>Offre il pi\u00f9 bel panorama di tutta la valle.<\/p>\n<\/div>\n<\/div>\n\n\n\n<div style=\"height:60px\" aria-hidden=\"true\" class=\"wp-block-spacer\"><\/div>\n\n\n\n<figure class=\"wp-block-gallery alignwide has-nested-images columns-4 is-cropped has-animator wp-block-gallery-1 is-layout-flex wp-block-gallery-is-layout-flex\" data-anim-from=\"center\" data-anim-duration=\"1\" data-anim-rewind=\"true\" data-anim-distance=\"50\" data-anim-scale-x=\"1\" data-anim-scale-y=\"1\" data-anim-easing=\"easeInOut\" data-anim-effect=\"Cubic\">\n<figure class=\"wp-block-image size-large\"><a href=\"https:\/\/fravi-hotel.ch\/wp-content\/uploads\/2020\/07\/z_arve8-1024x576.jpg\"><img loading=\"lazy\" decoding=\"async\" width=\"1024\" height=\"576\" data-id=\"4647\" src=\"https:\/\/fravi-hotel.ch\/wp-content\/uploads\/2020\/07\/z_arve8-1024x576.jpg\" alt=\"\" class=\"wp-image-4647\" srcset=\"https:\/\/fravi-hotel.ch\/wp-content\/uploads\/2020\/07\/z_arve8-1024x576.jpg 1024w, https:\/\/fravi-hotel.ch\/wp-content\/uploads\/2020\/07\/z_arve8-400x225.jpg 400w, https:\/\/fravi-hotel.ch\/wp-content\/uploads\/2020\/07\/z_arve8-768x432.jpg 768w, https:\/\/fravi-hotel.ch\/wp-content\/uploads\/2020\/07\/z_arve8-1536x864.jpg 1536w, https:\/\/fravi-hotel.ch\/wp-content\/uploads\/2020\/07\/z_arve8.jpg 1600w\" sizes=\"auto, (max-width: 1024px) 100vw, 1024px\" \/><\/a><\/figure>\n\n\n\n<figure class=\"wp-block-image size-large\"><a href=\"https:\/\/fravi-hotel.ch\/wp-content\/uploads\/2020\/07\/z_turm5-1024x576.jpg\"><img loading=\"lazy\" decoding=\"async\" width=\"1024\" height=\"576\" data-id=\"4654\" src=\"https:\/\/fravi-hotel.ch\/wp-content\/uploads\/2020\/07\/z_turm5-1024x576.jpg\" alt=\"\" class=\"wp-image-4654\" srcset=\"https:\/\/fravi-hotel.ch\/wp-content\/uploads\/2020\/07\/z_turm5-1024x576.jpg 1024w, https:\/\/fravi-hotel.ch\/wp-content\/uploads\/2020\/07\/z_turm5-400x225.jpg 400w, https:\/\/fravi-hotel.ch\/wp-content\/uploads\/2020\/07\/z_turm5-768x432.jpg 768w, https:\/\/fravi-hotel.ch\/wp-content\/uploads\/2020\/07\/z_turm5-1536x864.jpg 1536w, https:\/\/fravi-hotel.ch\/wp-content\/uploads\/2020\/07\/z_turm5.jpg 1600w\" sizes=\"auto, (max-width: 1024px) 100vw, 1024px\" \/><\/a><\/figure>\n\n\n\n<figure class=\"wp-block-image size-large\"><a href=\"https:\/\/fravi-hotel.ch\/wp-content\/uploads\/2020\/07\/z_arve1-1024x576.jpg\"><img loading=\"lazy\" decoding=\"async\" width=\"1024\" height=\"576\" data-id=\"4633\" src=\"https:\/\/fravi-hotel.ch\/wp-content\/uploads\/2020\/07\/z_arve1-1024x576.jpg\" alt=\"\" class=\"wp-image-4633\" srcset=\"https:\/\/fravi-hotel.ch\/wp-content\/uploads\/2020\/07\/z_arve1-1024x576.jpg 1024w, https:\/\/fravi-hotel.ch\/wp-content\/uploads\/2020\/07\/z_arve1-400x225.jpg 400w, https:\/\/fravi-hotel.ch\/wp-content\/uploads\/2020\/07\/z_arve1-768x432.jpg 768w, https:\/\/fravi-hotel.ch\/wp-content\/uploads\/2020\/07\/z_arve1-1536x864.jpg 1536w, https:\/\/fravi-hotel.ch\/wp-content\/uploads\/2020\/07\/z_arve1.jpg 1600w\" sizes=\"auto, (max-width: 1024px) 100vw, 1024px\" \/><\/a><\/figure>\n\n\n\n<figure class=\"wp-block-image size-large\"><a href=\"https:\/\/fravi-hotel.ch\/wp-content\/uploads\/2020\/07\/z_arve7-1024x576.jpg\"><img loading=\"lazy\" decoding=\"async\" width=\"1024\" height=\"576\" data-id=\"4645\" src=\"https:\/\/fravi-hotel.ch\/wp-content\/uploads\/2020\/07\/z_arve7-1024x576.jpg\" alt=\"\" class=\"wp-image-4645\" srcset=\"https:\/\/fravi-hotel.ch\/wp-content\/uploads\/2020\/07\/z_arve7-1024x576.jpg 1024w, https:\/\/fravi-hotel.ch\/wp-content\/uploads\/2020\/07\/z_arve7-400x225.jpg 400w, https:\/\/fravi-hotel.ch\/wp-content\/uploads\/2020\/07\/z_arve7-768x432.jpg 768w, https:\/\/fravi-hotel.ch\/wp-content\/uploads\/2020\/07\/z_arve7-1536x864.jpg 1536w, https:\/\/fravi-hotel.ch\/wp-content\/uploads\/2020\/07\/z_arve7.jpg 1600w\" sizes=\"auto, (max-width: 1024px) 100vw, 1024px\" \/><\/a><\/figure>\n\n\n\n<figure class=\"wp-block-image size-large\"><a href=\"https:\/\/fravi-hotel.ch\/wp-content\/uploads\/2020\/07\/z_arve4-1024x576.jpg\"><img loading=\"lazy\" decoding=\"async\" width=\"1024\" height=\"576\" data-id=\"4639\" src=\"https:\/\/fravi-hotel.ch\/wp-content\/uploads\/2020\/07\/z_arve4-1024x576.jpg\" alt=\"\" class=\"wp-image-4639\" srcset=\"https:\/\/fravi-hotel.ch\/wp-content\/uploads\/2020\/07\/z_arve4-1024x576.jpg 1024w, https:\/\/fravi-hotel.ch\/wp-content\/uploads\/2020\/07\/z_arve4-400x225.jpg 400w, https:\/\/fravi-hotel.ch\/wp-content\/uploads\/2020\/07\/z_arve4-768x432.jpg 768w, https:\/\/fravi-hotel.ch\/wp-content\/uploads\/2020\/07\/z_arve4-1536x864.jpg 1536w, https:\/\/fravi-hotel.ch\/wp-content\/uploads\/2020\/07\/z_arve4.jpg 1600w\" sizes=\"auto, (max-width: 1024px) 100vw, 1024px\" \/><\/a><\/figure>\n\n\n\n<figure class=\"wp-block-image size-large\"><a href=\"https:\/\/fravi-hotel.ch\/wp-content\/uploads\/2021\/04\/Turmsuite-DB-April-2021-scaled.jpg\"><img loading=\"lazy\" decoding=\"async\" width=\"1024\" height=\"768\" data-id=\"8089\" src=\"https:\/\/fravi-hotel.ch\/wp-content\/uploads\/2021\/04\/Turmsuite-DB-April-2021-1024x768.jpg\" alt=\"\" class=\"wp-image-8089\" srcset=\"https:\/\/fravi-hotel.ch\/wp-content\/uploads\/2021\/04\/Turmsuite-DB-April-2021-1024x768.jpg 1024w, https:\/\/fravi-hotel.ch\/wp-content\/uploads\/2021\/04\/Turmsuite-DB-April-2021-400x300.jpg 400w, https:\/\/fravi-hotel.ch\/wp-content\/uploads\/2021\/04\/Turmsuite-DB-April-2021-200x150.jpg 200w, https:\/\/fravi-hotel.ch\/wp-content\/uploads\/2021\/04\/Turmsuite-DB-April-2021-768x576.jpg 768w, https:\/\/fravi-hotel.ch\/wp-content\/uploads\/2021\/04\/Turmsuite-DB-April-2021-1536x1152.jpg 1536w, https:\/\/fravi-hotel.ch\/wp-content\/uploads\/2021\/04\/Turmsuite-DB-April-2021-2048x1536.jpg 2048w\" sizes=\"auto, (max-width: 1024px) 100vw, 1024px\" \/><\/a><figcaption class=\"wp-element-caption\">Turmsuite Hotel Fravi<\/figcaption><\/figure>\n\n\n\n<figure class=\"wp-block-image size-large\"><a href=\"https:\/\/fravi-hotel.ch\/wp-content\/uploads\/2020\/07\/z_arve3-1024x576.jpg\"><img loading=\"lazy\" decoding=\"async\" width=\"1024\" height=\"576\" data-id=\"4637\" src=\"https:\/\/fravi-hotel.ch\/wp-content\/uploads\/2020\/07\/z_arve3-1024x576.jpg\" alt=\"\" class=\"wp-image-4637\" srcset=\"https:\/\/fravi-hotel.ch\/wp-content\/uploads\/2020\/07\/z_arve3-1024x576.jpg 1024w, https:\/\/fravi-hotel.ch\/wp-content\/uploads\/2020\/07\/z_arve3-400x225.jpg 400w, https:\/\/fravi-hotel.ch\/wp-content\/uploads\/2020\/07\/z_arve3-768x432.jpg 768w, https:\/\/fravi-hotel.ch\/wp-content\/uploads\/2020\/07\/z_arve3-1536x864.jpg 1536w, https:\/\/fravi-hotel.ch\/wp-content\/uploads\/2020\/07\/z_arve3.jpg 1600w\" sizes=\"auto, (max-width: 1024px) 100vw, 1024px\" \/><\/a><\/figure>\n<\/figure>\n\n\n\n<div style=\"height:60px\" aria-hidden=\"true\" class=\"wp-block-spacer\"><\/div>\n\n\n\n<div class=\"alignfull wp-block-ugb-container ugb-container zimmer-buchung ugb-container--width-small ugb-b641adf ugb-container--v2 ugb-container--design-basic ugb-main-block ugb-main-block--inner-full ugb--has-block-background ugb--has-top-separator ugb--has-bottom-separator\"><style>.ugb-b641adf-wrapper.ugb-container__wrapper{border-radius:0px !important;background-color:#3c89c4 !important}.ugb-b641adf-wrapper.ugb-container__wrapper:before{background-color:#3c89c4 !important}.ugb-b641adf-content-wrapper > h1,.ugb-b641adf-content-wrapper > h2,.ugb-b641adf-content-wrapper > h3,.ugb-b641adf-content-wrapper > h4,.ugb-b641adf-content-wrapper > h5,.ugb-b641adf-content-wrapper > h6{color:#222222}.ugb-b641adf-content-wrapper > p,.ugb-b641adf-content-wrapper > ol li,.ugb-b641adf-content-wrapper > ul li{color:#222222}.ugb-b641adf.ugb-container{background-color:#3c89c4}.ugb-b641adf.ugb-container:before{background-color:#3c89c4}.ugb-b641adf .ugb-top-separator .ugb-separator-wrapper{transform:scaleX(1)}@media screen and (min-width:768px){.ugb-b641adf.ugb-container{padding-top:40px !important;padding-bottom:40px !important}.ugb-b641adf .ugb-top-separator .ugb-separator-wrapper{height:30px}.ugb-b641adf .ugb-bottom-separator .ugb-separator-wrapper{height:30px}}<\/style><div class=\"ugb-top-separator\"><div class=\"ugb-separator-wrapper\"><svg xmlns=\"http:\/\/www.w3.org\/2000\/svg\" viewBox=\"0 0 1600 200\" class=\"ugb-separator__layer-1\" preserveAspectRatio=\"none\" aria-hidden=\"true\"><path d=\"M1610 210H-10V.5l1620 183.4z\"><\/path><\/svg><\/div><\/div><div class=\"ugb-bottom-separator\"><div class=\"ugb-separator-wrapper\"><svg xmlns=\"http:\/\/www.w3.org\/2000\/svg\" viewBox=\"0 0 1600 200\" class=\"ugb-separator__layer-1\" preserveAspectRatio=\"none\" aria-hidden=\"true\"><path class=\"slant-1_svg__st2\" d=\"M-10 210h1620V.5L-10 183.9z\"><\/path><\/svg><\/div><\/div><div class=\"ugb-inner-block ugb-inner-block--full\"><div class=\"ugb-block-content\"><div class=\"ugb-container__wrapper ugb-b641adf-wrapper ugb--shadow-0\"><div class=\"ugb-container__side\"><div class=\"ugb-container__content-wrapper ugb-b641adf-content-wrapper\">\n<div class=\"wp-block-animate-blocks-animate\" data-aos=\"zoom-in-down\" data-aos-delay=\"100\" data-aos-duration=\"500\" data-aos-easing=\"ease-in-out-back\">\n<div class=\"wp-block-columns is-layout-flex wp-container-core-columns-is-layout-9d6595d7 wp-block-columns-is-layout-flex\">\n<div class=\"wp-block-column is-layout-flow wp-block-column-is-layout-flow\">\n<h2 class=\"has-text-align-right has-text-color zimmer-h2 wp-block-heading\" style=\"color:#ffffff\">Prenotazione<\/h2>\n\n\n\n<p class=\"has-text-align-right has-small-font-size has-very-light-gray-color has-text-color has-custom-size\" style=\"font-size:18px\"> Siamo lieti di consigliarvi! <\/p>\n<\/div>\n\n\n\n<div class=\"wp-block-column is-layout-flow wp-block-column-is-layout-flow\">\n<div class=\"aligncenter wp-block-ugb-button ugb-button-wrapper ugb-7630fe1 ugb-main-block\"><style>.ugb-7630fe1 .ugb-block-content{justify-content:flex-start !important}.ugb-7630fe1 .ugb-button1{background-color:#e5e8eb}.ugb-7630fe1 .ugb-button1 .ugb-button--inner,.ugb-7630fe1 .ugb-button1 svg:not(.ugb-custom-icon){color:#313131 !important}.ugb-7630fe1 .ugb-inner-block{text-align:left}@media screen and (min-width:768px){.ugb-7630fe1.ugb-button-wrapper{margin-top:0px !important;padding-bottom:4px !important}}<\/style><div class=\"ugb-inner-block\"><div class=\"ugb-block-content\"><div class=\"ugb-button-container\"><a class=\"ugb-button1 ugb-button ugb-button--size-large ugb--hover-effect-scale\" href=\"tel:+41816600101\" rel=\"\" title=\"\"><span class=\"ugb-button--inner\">+41 (0)81 660 01 01<\/span><\/a><\/div><\/div><\/div><\/div>\n\n\n\n<div class=\"aligncenter wp-block-ugb-button ugb-button-wrapper ugb-97a5339 ugb-main-block\"><style>.ugb-97a5339 .ugb-block-content{justify-content:flex-start !important}.ugb-97a5339 .ugb-button1{background-color:#e5e8eb}.ugb-97a5339 .ugb-button1 .ugb-button--inner,.ugb-97a5339 .ugb-button1 svg:not(.ugb-custom-icon){color:#313131 !important}.ugb-97a5339 .ugb-inner-block{text-align:left}<\/style><div class=\"ugb-inner-block\"><div class=\"ugb-block-content\"><div class=\"ugb-button-container\"><a class=\"ugb-button1 ugb-button ugb-button--size-large ugb--hover-effect-scale\" href=\"mailto: info@fravi-hotel.ch\" rel=\"\" title=\"\"><span class=\"ugb-button--inner\">info@fravi-hotel.ch<\/span><\/a><\/div><\/div><\/div><\/div>\n<\/div>\n<\/div>\n<\/div>\n<\/div><\/div><\/div><\/div><\/div><\/div>\n\n\n\n<div style=\"height:80px\" aria-hidden=\"true\" class=\"wp-block-spacer\"><\/div>\n","protected":false},"excerpt":{"rendered":"<p>Suite in legno di pino e suite nella torre Abbiamo solo due suite in legno di pino. Sono molto comode e grandi &#8230; <\/p>\n<p class=\"read-more-container\"><a title=\"Suite in legno di pino e suite nella torre\" class=\"read-more button\" href=\"https:\/\/fravi-hotel.ch\/it\/camere-suite\/suite-in-legno-di-pino-e-suite-nella-torre\/#more-5423\" aria-label=\"Per saperne di pi\u00f9 su Suite in legno di pino e suite nella torre\">weiterlesen<\/a><\/p>\n","protected":false},"author":1,"featured_media":0,"parent":5419,"menu_order":1,"comment_status":"closed","ping_status":"closed","template":"","meta":{"inline_featured_image":false,"_uag_custom_page_level_css":"","footnotes":""},"class_list":["post-5423","page","type-page","status-publish"],"featured_image_urls_v2":{"full":"","thumbnail":"","medium":"","medium_large":"","large":"","1536x1536":"","2048x2048":""},"post_excerpt_stackable_v2":"<p>Suite in legno di pino e suite nella torre Abbiamo solo due suite in legno di pino. Sono molto comode e grandi (ca. 35-37m&#8221;). Il legno di pino cembro sulle pareti risale alle origini dell&#8217;hotel. I pavimenti in legno (di abete rosso) sono stati aggiunti di recente. La suite nella torre \u00e8 unica (ca. 38m2). Adatto ai signori del castello e anche a chi vuole sentirsi cos\u00ec. Offre il pi\u00f9 bel panorama di tutta la valle. Turmsuite Hotel Fravi Prenotazione Siamo lieti di consigliarvi! +41 (0)81 660 01 01 info@fravi-hotel.ch<\/p>\n","category_list_v2":"","author_info_v2":{"name":"PP-Admin","url":"https:\/\/fravi-hotel.ch\/it\/author\/pp-admin\/"},"comments_num_v2":"0 commenti","yoast_head":"<!-- This site is optimized with the Yoast SEO Premium plugin v27.2 (Yoast SEO v27.2) - https:\/\/yoast.com\/product\/yoast-seo-premium-wordpress\/ -->\n<title>Suite in legno di pino e suite nella torre | Hotel Fravi Andeer GR<\/title>\n<meta name=\"robots\" content=\"index, follow, max-snippet:-1, max-image-preview:large, max-video-preview:-1\" \/>\n<link rel=\"canonical\" href=\"https:\/\/fravi-hotel.ch\/it\/camere-suite\/suite-in-legno-di-pino-e-suite-nella-torre\/\" \/>\n<meta property=\"og:locale\" content=\"it_IT\" \/>\n<meta property=\"og:type\" content=\"article\" \/>\n<meta property=\"og:title\" content=\"Suite in legno di pino e suite nella torre\" \/>\n<meta property=\"og:description\" content=\"Suite in legno di pino e suite nella torre Abbiamo solo due suite in legno di pino. Sono molto comode e grandi ... weiterlesen\" \/>\n<meta property=\"og:url\" content=\"https:\/\/fravi-hotel.ch\/it\/camere-suite\/suite-in-legno-di-pino-e-suite-nella-torre\/\" \/>\n<meta property=\"og:site_name\" content=\"Hotel Fravi Andeer GR\" \/>\n<meta property=\"article:publisher\" content=\"https:\/\/www.facebook.com\/hotelfravi\" \/>\n<meta property=\"article:modified_time\" content=\"2023-02-03T11:33:05+00:00\" \/>\n<meta property=\"og:image\" content=\"https:\/\/fravi-hotel.ch\/wp-content\/uploads\/2020\/07\/z_arve8.jpg\" \/>\n\t<meta property=\"og:image:width\" content=\"1600\" \/>\n\t<meta property=\"og:image:height\" content=\"900\" \/>\n\t<meta property=\"og:image:type\" content=\"image\/jpeg\" \/>\n<meta name=\"twitter:card\" content=\"summary_large_image\" \/>\n<script type=\"application\/ld+json\" class=\"yoast-schema-graph\">{\"@context\":\"https:\/\/schema.org\",\"@graph\":[{\"@type\":\"WebPage\",\"@id\":\"https:\/\/fravi-hotel.ch\/it\/camere-suite\/suite-in-legno-di-pino-e-suite-nella-torre\/\",\"url\":\"https:\/\/fravi-hotel.ch\/it\/camere-suite\/suite-in-legno-di-pino-e-suite-nella-torre\/\",\"name\":\"Suite in legno di pino e suite nella torre | Hotel Fravi Andeer GR\",\"isPartOf\":{\"@id\":\"https:\/\/fravi-hotel.ch\/it\/#website\"},\"primaryImageOfPage\":{\"@id\":\"https:\/\/fravi-hotel.ch\/it\/camere-suite\/suite-in-legno-di-pino-e-suite-nella-torre\/#primaryimage\"},\"image\":{\"@id\":\"https:\/\/fravi-hotel.ch\/it\/camere-suite\/suite-in-legno-di-pino-e-suite-nella-torre\/#primaryimage\"},\"thumbnailUrl\":\"https:\/\/fravi-hotel.ch\/wp-content\/uploads\/2020\/07\/z_arve8-1024x576.jpg\",\"datePublished\":\"2020-11-11T09:55:11+00:00\",\"dateModified\":\"2023-02-03T11:33:05+00:00\",\"breadcrumb\":{\"@id\":\"https:\/\/fravi-hotel.ch\/it\/camere-suite\/suite-in-legno-di-pino-e-suite-nella-torre\/#breadcrumb\"},\"inLanguage\":\"it-IT\",\"potentialAction\":[{\"@type\":\"ReadAction\",\"target\":[\"https:\/\/fravi-hotel.ch\/it\/camere-suite\/suite-in-legno-di-pino-e-suite-nella-torre\/\"]}]},{\"@type\":\"ImageObject\",\"inLanguage\":\"it-IT\",\"@id\":\"https:\/\/fravi-hotel.ch\/it\/camere-suite\/suite-in-legno-di-pino-e-suite-nella-torre\/#primaryimage\",\"url\":\"https:\/\/fravi-hotel.ch\/wp-content\/uploads\/2020\/07\/z_arve8-1024x576.jpg\",\"contentUrl\":\"https:\/\/fravi-hotel.ch\/wp-content\/uploads\/2020\/07\/z_arve8-1024x576.jpg\"},{\"@type\":\"BreadcrumbList\",\"@id\":\"https:\/\/fravi-hotel.ch\/it\/camere-suite\/suite-in-legno-di-pino-e-suite-nella-torre\/#breadcrumb\",\"itemListElement\":[{\"@type\":\"ListItem\",\"position\":1,\"name\":\"Start\",\"item\":\"https:\/\/fravi-hotel.ch\/it\/hotel-fravi\/\"},{\"@type\":\"ListItem\",\"position\":2,\"name\":\"Camere &#038; Suite\",\"item\":\"https:\/\/fravi-hotel.ch\/it\/camere-suite\/\"},{\"@type\":\"ListItem\",\"position\":3,\"name\":\"Suite in legno di pino e suite nella torre\"}]},{\"@type\":\"WebSite\",\"@id\":\"https:\/\/fravi-hotel.ch\/it\/#website\",\"url\":\"https:\/\/fravi-hotel.ch\/it\/\",\"name\":\"Hotel Fravi, Andeer\",\"description\":\"Bade-, Kur- &amp; Ferienhotel Andeer\",\"publisher\":{\"@id\":\"https:\/\/fravi-hotel.ch\/it\/#organization\"},\"alternateName\":\"Hotel Fravi\",\"potentialAction\":[{\"@type\":\"SearchAction\",\"target\":{\"@type\":\"EntryPoint\",\"urlTemplate\":\"https:\/\/fravi-hotel.ch\/it\/?s={search_term_string}\"},\"query-input\":{\"@type\":\"PropertyValueSpecification\",\"valueRequired\":true,\"valueName\":\"search_term_string\"}}],\"inLanguage\":\"it-IT\"},{\"@type\":[\"Organization\",\"Place\"],\"@id\":\"https:\/\/fravi-hotel.ch\/it\/#organization\",\"name\":\"Hotel Fravi, Andeer\",\"alternateName\":\"Hotel Fravi\",\"url\":\"https:\/\/fravi-hotel.ch\/it\/\",\"logo\":{\"@id\":\"https:\/\/fravi-hotel.ch\/it\/camere-suite\/suite-in-legno-di-pino-e-suite-nella-torre\/#local-main-organization-logo\"},\"image\":{\"@id\":\"https:\/\/fravi-hotel.ch\/it\/camere-suite\/suite-in-legno-di-pino-e-suite-nella-torre\/#local-main-organization-logo\"},\"sameAs\":[\"https:\/\/www.facebook.com\/hotelfravi\",\"https:\/\/www.instagram.com\/hotel_fravi\/#\"],\"telephone\":[],\"openingHoursSpecification\":[{\"@type\":\"OpeningHoursSpecification\",\"dayOfWeek\":[\"Monday\",\"Tuesday\",\"Wednesday\",\"Thursday\",\"Friday\",\"Saturday\",\"Sunday\"],\"opens\":\"09:00\",\"closes\":\"17:00\"}]},{\"@type\":\"ImageObject\",\"inLanguage\":\"it-IT\",\"@id\":\"https:\/\/fravi-hotel.ch\/it\/camere-suite\/suite-in-legno-di-pino-e-suite-nella-torre\/#local-main-organization-logo\",\"url\":\"https:\/\/fravi-hotel.ch\/wp-content\/uploads\/2020\/05\/logo_hotel-fravi.png\",\"contentUrl\":\"https:\/\/fravi-hotel.ch\/wp-content\/uploads\/2020\/05\/logo_hotel-fravi.png\",\"width\":542,\"height\":360,\"caption\":\"Hotel Fravi, Andeer\"}]}<\/script>\n<!-- \/ Yoast SEO Premium plugin. -->","yoast_head_json":{"title":"Suite in legno di pino e suite nella torre | Hotel Fravi Andeer GR","robots":{"index":"index","follow":"follow","max-snippet":"max-snippet:-1","max-image-preview":"max-image-preview:large","max-video-preview":"max-video-preview:-1"},"canonical":"https:\/\/fravi-hotel.ch\/it\/camere-suite\/suite-in-legno-di-pino-e-suite-nella-torre\/","og_locale":"it_IT","og_type":"article","og_title":"Suite in legno di pino e suite nella torre","og_description":"Suite in legno di pino e suite nella torre Abbiamo solo due suite in legno di pino. Sono molto comode e grandi ... weiterlesen","og_url":"https:\/\/fravi-hotel.ch\/it\/camere-suite\/suite-in-legno-di-pino-e-suite-nella-torre\/","og_site_name":"Hotel Fravi Andeer GR","article_publisher":"https:\/\/www.facebook.com\/hotelfravi","article_modified_time":"2023-02-03T11:33:05+00:00","og_image":[{"width":1600,"height":900,"url":"https:\/\/fravi-hotel.ch\/wp-content\/uploads\/2020\/07\/z_arve8.jpg","type":"image\/jpeg"}],"twitter_card":"summary_large_image","schema":{"@context":"https:\/\/schema.org","@graph":[{"@type":"WebPage","@id":"https:\/\/fravi-hotel.ch\/it\/camere-suite\/suite-in-legno-di-pino-e-suite-nella-torre\/","url":"https:\/\/fravi-hotel.ch\/it\/camere-suite\/suite-in-legno-di-pino-e-suite-nella-torre\/","name":"Suite in legno di pino e suite nella torre | Hotel Fravi Andeer GR","isPartOf":{"@id":"https:\/\/fravi-hotel.ch\/it\/#website"},"primaryImageOfPage":{"@id":"https:\/\/fravi-hotel.ch\/it\/camere-suite\/suite-in-legno-di-pino-e-suite-nella-torre\/#primaryimage"},"image":{"@id":"https:\/\/fravi-hotel.ch\/it\/camere-suite\/suite-in-legno-di-pino-e-suite-nella-torre\/#primaryimage"},"thumbnailUrl":"https:\/\/fravi-hotel.ch\/wp-content\/uploads\/2020\/07\/z_arve8-1024x576.jpg","datePublished":"2020-11-11T09:55:11+00:00","dateModified":"2023-02-03T11:33:05+00:00","breadcrumb":{"@id":"https:\/\/fravi-hotel.ch\/it\/camere-suite\/suite-in-legno-di-pino-e-suite-nella-torre\/#breadcrumb"},"inLanguage":"it-IT","potentialAction":[{"@type":"ReadAction","target":["https:\/\/fravi-hotel.ch\/it\/camere-suite\/suite-in-legno-di-pino-e-suite-nella-torre\/"]}]},{"@type":"ImageObject","inLanguage":"it-IT","@id":"https:\/\/fravi-hotel.ch\/it\/camere-suite\/suite-in-legno-di-pino-e-suite-nella-torre\/#primaryimage","url":"https:\/\/fravi-hotel.ch\/wp-content\/uploads\/2020\/07\/z_arve8-1024x576.jpg","contentUrl":"https:\/\/fravi-hotel.ch\/wp-content\/uploads\/2020\/07\/z_arve8-1024x576.jpg"},{"@type":"BreadcrumbList","@id":"https:\/\/fravi-hotel.ch\/it\/camere-suite\/suite-in-legno-di-pino-e-suite-nella-torre\/#breadcrumb","itemListElement":[{"@type":"ListItem","position":1,"name":"Start","item":"https:\/\/fravi-hotel.ch\/it\/hotel-fravi\/"},{"@type":"ListItem","position":2,"name":"Camere &#038; Suite","item":"https:\/\/fravi-hotel.ch\/it\/camere-suite\/"},{"@type":"ListItem","position":3,"name":"Suite in legno di pino e suite nella torre"}]},{"@type":"WebSite","@id":"https:\/\/fravi-hotel.ch\/it\/#website","url":"https:\/\/fravi-hotel.ch\/it\/","name":"Hotel Fravi, Andeer","description":"Bade-, Kur- &amp; Ferienhotel Andeer","publisher":{"@id":"https:\/\/fravi-hotel.ch\/it\/#organization"},"alternateName":"Hotel Fravi","potentialAction":[{"@type":"SearchAction","target":{"@type":"EntryPoint","urlTemplate":"https:\/\/fravi-hotel.ch\/it\/?s={search_term_string}"},"query-input":{"@type":"PropertyValueSpecification","valueRequired":true,"valueName":"search_term_string"}}],"inLanguage":"it-IT"},{"@type":["Organization","Place"],"@id":"https:\/\/fravi-hotel.ch\/it\/#organization","name":"Hotel Fravi, Andeer","alternateName":"Hotel Fravi","url":"https:\/\/fravi-hotel.ch\/it\/","logo":{"@id":"https:\/\/fravi-hotel.ch\/it\/camere-suite\/suite-in-legno-di-pino-e-suite-nella-torre\/#local-main-organization-logo"},"image":{"@id":"https:\/\/fravi-hotel.ch\/it\/camere-suite\/suite-in-legno-di-pino-e-suite-nella-torre\/#local-main-organization-logo"},"sameAs":["https:\/\/www.facebook.com\/hotelfravi","https:\/\/www.instagram.com\/hotel_fravi\/#"],"telephone":[],"openingHoursSpecification":[{"@type":"OpeningHoursSpecification","dayOfWeek":["Monday","Tuesday","Wednesday","Thursday","Friday","Saturday","Sunday"],"opens":"09:00","closes":"17:00"}]},{"@type":"ImageObject","inLanguage":"it-IT","@id":"https:\/\/fravi-hotel.ch\/it\/camere-suite\/suite-in-legno-di-pino-e-suite-nella-torre\/#local-main-organization-logo","url":"https:\/\/fravi-hotel.ch\/wp-content\/uploads\/2020\/05\/logo_hotel-fravi.png","contentUrl":"https:\/\/fravi-hotel.ch\/wp-content\/uploads\/2020\/05\/logo_hotel-fravi.png","width":542,"height":360,"caption":"Hotel Fravi, Andeer"}]}},"uagb_featured_image_src":{"full":false,"thumbnail":false,"medium":false,"medium_large":false,"large":false,"1536x1536":false,"2048x2048":false},"uagb_author_info":{"display_name":"PP-Admin","author_link":"https:\/\/fravi-hotel.ch\/it\/author\/pp-admin\/"},"uagb_comment_info":0,"uagb_excerpt":"Suite in legno di pino e suite nella torre Abbiamo solo due suite in legno di pino. Sono molto comode e grandi ... weiterlesen","_links":{"self":[{"href":"https:\/\/fravi-hotel.ch\/it\/wp-json\/wp\/v2\/pages\/5423","targetHints":{"allow":["GET"]}}],"collection":[{"href":"https:\/\/fravi-hotel.ch\/it\/wp-json\/wp\/v2\/pages"}],"about":[{"href":"https:\/\/fravi-hotel.ch\/it\/wp-json\/wp\/v2\/types\/page"}],"author":[{"embeddable":true,"href":"https:\/\/fravi-hotel.ch\/it\/wp-json\/wp\/v2\/users\/1"}],"replies":[{"embeddable":true,"href":"https:\/\/fravi-hotel.ch\/it\/wp-json\/wp\/v2\/comments?post=5423"}],"version-history":[{"count":10,"href":"https:\/\/fravi-hotel.ch\/it\/wp-json\/wp\/v2\/pages\/5423\/revisions"}],"predecessor-version":[{"id":14445,"href":"https:\/\/fravi-hotel.ch\/it\/wp-json\/wp\/v2\/pages\/5423\/revisions\/14445"}],"up":[{"embeddable":true,"href":"https:\/\/fravi-hotel.ch\/it\/wp-json\/wp\/v2\/pages\/5419"}],"wp:attachment":[{"href":"https:\/\/fravi-hotel.ch\/it\/wp-json\/wp\/v2\/media?parent=5423"}],"curies":[{"name":"wp","href":"https:\/\/api.w.org\/{rel}","templated":true}]}}